{"id":152,"date":"2026-03-06T08:48:21","date_gmt":"2026-03-06T07:48:21","guid":{"rendered":"https:\/\/urudejnikolatkocz.pl\/?page_id=152"},"modified":"2026-03-30T09:52:34","modified_gmt":"2026-03-30T07:52:34","slug":"o-mnie","status":"publish","type":"page","link":"https:\/\/urudejnikolatkocz.pl\/?page_id=152","title":{"rendered":"O mnie"},"content":{"rendered":"\t\t<div data-elementor-type=\"wp-page\" data-elementor-id=\"152\" class=\"elementor elementor-152\" data-elementor-post-type=\"page\">\n\t\t\t\t\t\t<section class=\"elementor-section elementor-top-section elementor-element elementor-element-1907285 elementor-section-full_width elementor-section-stretched elementor-section-height-default elementor-section-height-default\" data-id=\"1907285\" data-element_type=\"section\" data-e-type=\"section\" data-settings=\"{&quot;stretch_section&quot;:&quot;section-stretched&quot;,&quot;background_background&quot;:&quot;classic&quot;}\">\n\t\t\t\t\t\t<div class=\"elementor-container elementor-column-gap-default\">\n\t\t\t\t\t<div class=\"elementor-column elementor-col-100 elementor-top-column elementor-element elementor-element-28a7207\" data-id=\"28a7207\" data-element_type=\"column\" data-e-type=\"column\">\n\t\t\t<div class=\"elementor-widget-wrap elementor-element-populated\">\n\t\t\t\t\t\t<div class=\"elementor-element elementor-element-24e3ccd elementor-absolute elementor-widget elementor-widget-heading\" data-id=\"24e3ccd\" data-element_type=\"widget\" data-e-type=\"widget\" data-settings=\"{&quot;_position&quot;:&quot;absolute&quot;}\" data-widget_type=\"heading.default\">\n\t\t\t\t\t<h2 class=\"elementor-heading-title elementor-size-default\">Strzy\u017cenia dzieci\u0119ce<\/h2>\t\t\t\t<\/div>\n\t\t\t\t<div class=\"elementor-element elementor-element-76e42a3 elementor-absolute elementor-widget elementor-widget-text-editor\" data-id=\"76e42a3\" data-element_type=\"widget\" data-e-type=\"widget\" data-settings=\"{&quot;_position&quot;:&quot;absolute&quot;}\" data-widget_type=\"text-editor.default\">\n\t\t\t\t\t\t\t\t\t<p>Bezstresowe strzy\u017cenie w domowym zaciszu\u00a0<\/p>\t\t\t\t\t\t\t\t<\/div>\n\t\t\t\t\t<\/div>\n\t\t<\/div>\n\t\t\t\t\t<\/div>\n\t\t<\/section>\n\t\t\t\t<section class=\"elementor-section elementor-top-section elementor-element elementor-element-d4cf44f elementor-section-full_width elementor-section-stretched elementor-reverse-mobile elementor-section-height-default elementor-section-height-default\" data-id=\"d4cf44f\" data-element_type=\"section\" data-e-type=\"section\" data-settings=\"{&quot;stretch_section&quot;:&quot;section-stretched&quot;,&quot;background_background&quot;:&quot;classic&quot;}\">\n\t\t\t\t\t\t<div class=\"elementor-container elementor-column-gap-default\">\n\t\t\t\t\t<div class=\"elementor-column elementor-col-50 elementor-top-column elementor-element elementor-element-1436802\" data-id=\"1436802\" data-element_type=\"column\" data-e-type=\"column\">\n\t\t\t<div class=\"elementor-widget-wrap elementor-element-populated\">\n\t\t\t\t\t\t<div class=\"elementor-element elementor-element-21517bf elementor-widget elementor-widget-image\" data-id=\"21517bf\" data-element_type=\"widget\" data-e-type=\"widget\" data-widget_type=\"image.default\">\n\t\t\t\t\t\t\t\t\t\t\t\t\t\t\t<img fetchpriority=\"high\" decoding=\"async\" width=\"1440\" height=\"1800\" src=\"https:\/\/urudejnikolatkocz.pl\/wp-content\/uploads\/2026\/03\/IMG_6327.jpg\" class=\"attachment-full size-full wp-image-294\" alt=\"\" srcset=\"https:\/\/urudejnikolatkocz.pl\/wp-content\/uploads\/2026\/03\/IMG_6327.jpg 1440w, https:\/\/urudejnikolatkocz.pl\/wp-content\/uploads\/2026\/03\/IMG_6327-240x300.jpg 240w, https:\/\/urudejnikolatkocz.pl\/wp-content\/uploads\/2026\/03\/IMG_6327-819x1024.jpg 819w, https:\/\/urudejnikolatkocz.pl\/wp-content\/uploads\/2026\/03\/IMG_6327-768x960.jpg 768w, https:\/\/urudejnikolatkocz.pl\/wp-content\/uploads\/2026\/03\/IMG_6327-1229x1536.jpg 1229w\" sizes=\"(max-width: 1440px) 100vw, 1440px\" \/>\t\t\t\t\t\t\t\t\t\t\t\t\t\t\t<\/div>\n\t\t\t\t\t<\/div>\n\t\t<\/div>\n\t\t\t\t<div class=\"elementor-column elementor-col-50 elementor-top-column elementor-element elementor-element-7e4bb8c\" data-id=\"7e4bb8c\" data-element_type=\"column\" data-e-type=\"column\">\n\t\t\t<div class=\"elementor-widget-wrap elementor-element-populated\">\n\t\t\t\t\t\t<div class=\"elementor-element elementor-element-740354d elementor-widget elementor-widget-heading\" data-id=\"740354d\" data-element_type=\"widget\" data-e-type=\"widget\" data-widget_type=\"heading.default\">\n\t\t\t\t\t<h2 class=\"elementor-heading-title elementor-size-default\">Strzy\u017cenia ma\u0142ych dzieci \ud83e\uddf8<\/h2>\t\t\t\t<\/div>\n\t\t\t\t<div class=\"elementor-element elementor-element-add1383 elementor-widget-divider--view-line elementor-widget elementor-widget-divider\" data-id=\"add1383\" data-element_type=\"widget\" data-e-type=\"widget\" data-widget_type=\"divider.default\">\n\t\t\t\t\t\t\t<div class=\"elementor-divider\">\n\t\t\t<span class=\"elementor-divider-separator\">\n\t\t\t\t\t\t<\/span>\n\t\t<\/div>\n\t\t\t\t\t\t<\/div>\n\t\t\t\t<div class=\"elementor-element elementor-element-eec29b8 elementor-widget elementor-widget-text-editor\" data-id=\"eec29b8\" data-element_type=\"widget\" data-e-type=\"widget\" data-widget_type=\"text-editor.default\">\n\t\t\t\t\t\t\t\t\t<p>&#8211; \u015amia\u0142o mog\u0119 nazwa\u0107 si\u0119 specjalistk\u0105 od ,,trudnych przypadk\u00f3w&#8221;\u00a0<\/p><p>Doskonale wiem, \u017ce dla wielu maluch\u00f3w d\u017awi\u0119k maszynki, obcy fotel czy peleryna mog\u0105 by\u0107 przera\u017caj\u0105ce. Specjalizuj\u0119 si\u0119 w strzy\u017ceniu dzieci, kt\u00f3re boj\u0105 si\u0119 fryzjera, maj\u0105 nadwra\u017cliwo\u015b\u0107 sensoryczn\u0105 lub po prostu nie potrafi\u0105 usiedzie\u0107 w miejscu.\u00a0<\/p><p><strong>Zasada braku po\u015bpiechu :<\/strong> Daj\u0119 dziecku czas na oswojenie si\u0119 ze mn\u0105 i sprz\u0119tem. Nic na si\u0142\u0119. Najpierw zabawa, p\u00f3\u017aniej powolutku przechodzimy do strzy\u017cenia je\u015bli dziecko daje zielone \u015bwiat\u0142o.<\/p><p><strong>W\u0142osy obcinane w locie :<\/strong> Strzyg\u0119 w trakcie zabawy, podczas ogl\u0105dania ulubionej bajki, na pod\u0142odze lub na kolanach u rodzica.<\/p><p><strong>Du\u017co cierpliwo\u015bci i u\u015bmiechu :<\/strong> Rozumiem dzieci\u0119ce emocje i potrafi\u0119 zamieni\u0107 nieprzyjemny obowi\u0105zek w fajn\u0105, bezstresow\u0105 przygod\u0119.<\/p><p>Pod koniec naszego spotkania dziecko dostaje obiecan\u0105 <strong>NIESPODZIANK\u0118!<\/strong> Do wyboru : kolorowe spray&#8217;e do w\u0142os\u00f3w, naklejki a nawet tatua\u017ce!\u00a0<\/p>\t\t\t\t\t\t\t\t<\/div>\n\t\t\t\t\t<\/div>\n\t\t<\/div>\n\t\t\t\t\t<\/div>\n\t\t<\/section>\n\t\t\t\t<section class=\"elementor-section elementor-top-section elementor-element elementor-element-ed692b5 elementor-section-full_width elementor-section-stretched elementor-section-height-default elementor-section-height-default\" data-id=\"ed692b5\" data-element_type=\"section\" data-e-type=\"section\" data-settings=\"{&quot;stretch_section&quot;:&quot;section-stretched&quot;,&quot;background_background&quot;:&quot;classic&quot;}\">\n\t\t\t\t\t\t<div class=\"elementor-container elementor-column-gap-default\">\n\t\t\t\t\t<div class=\"elementor-column elementor-col-100 elementor-top-column elementor-element elementor-element-11444b0\" data-id=\"11444b0\" data-element_type=\"column\" data-e-type=\"column\">\n\t\t\t<div class=\"elementor-widget-wrap elementor-element-populated\">\n\t\t\t\t\t\t<div class=\"elementor-element elementor-element-a51939b elementor-widget elementor-widget-heading\" data-id=\"a51939b\" data-element_type=\"widget\" data-e-type=\"widget\" data-widget_type=\"heading.default\">\n\t\t\t\t\t<h2 class=\"elementor-heading-title elementor-size-default\">Dlaczego mobilna pracownia fryzur?<\/h2>\t\t\t\t<\/div>\n\t\t\t\t<div class=\"elementor-element elementor-element-924ed6c elementor-widget-divider--view-line elementor-widget elementor-widget-divider\" data-id=\"924ed6c\" data-element_type=\"widget\" data-e-type=\"widget\" data-widget_type=\"divider.default\">\n\t\t\t\t\t\t\t<div class=\"elementor-divider\">\n\t\t\t<span class=\"elementor-divider-separator\">\n\t\t\t\t\t\t<\/span>\n\t\t<\/div>\n\t\t\t\t\t\t<\/div>\n\t\t\t\t<div class=\"elementor-element elementor-element-e1c1daf elementor-widget elementor-widget-text-editor\" data-id=\"e1c1daf\" data-element_type=\"widget\" data-e-type=\"widget\" data-widget_type=\"text-editor.default\">\n\t\t\t\t\t\t\t\t\t<p>Us\u0142ugi mobilne to przede wszystkim wygoda i oszcz\u0119dno\u015b\u0107 czasu. <br \/>Nie trzeba doje\u017cd\u017ca\u0107 do salonu ani czeka\u0107 w kolejce. <br \/>Profesjonalna us\u0142uga fryzjerska mo\u017ce odby\u0107 si\u0119 w komfortowych warunkach Twojego domu.<\/p><p>Dzi\u0119ki ponad 12-letniemu do\u015bwiadczeniu w bran\u017cy fryzjerskiej mog\u0119 zapewni\u0107 profesjonaln\u0105 obs\u0142ug\u0119, <br \/>indywidualne podej\u015bcie i fryzur\u0119 dopasowan\u0105 do Twojego stylu oraz oczekiwa\u0144.<\/p>\t\t\t\t\t\t\t\t<\/div>\n\t\t\t\t<div class=\"elementor-element elementor-element-934ecd5 elementor-align-center elementor-widget elementor-widget-button\" data-id=\"934ecd5\" data-element_type=\"widget\" data-e-type=\"widget\" data-widget_type=\"button.default\">\n\t\t\t\t\t\t\t\t\t\t<a class=\"elementor-button elementor-button-link elementor-size-sm\" href=\"https:\/\/urudejnikolatkocz.pl\/?page_id=172\">\n\t\t\t\t\t\t<span class=\"elementor-button-content-wrapper\">\n\t\t\t\t\t\t\t\t\t<span class=\"elementor-button-text\">Skontaktuj si\u0119<\/span>\n\t\t\t\t\t<\/span>\n\t\t\t\t\t<\/a>\n\t\t\t\t\t\t\t\t<\/div>\n\t\t\t\t\t<\/div>\n\t\t<\/div>\n\t\t\t\t\t<\/div>\n\t\t<\/section>\n\t\t\t\t<\/div>\n\t\t","protected":false},"excerpt":{"rendered":"<p>Strzy\u017cenia dzieci\u0119ce Bezstresowe strzy\u017cenie w domowym zaciszu\u00a0 Strzy\u017cenia ma\u0142ych dzieci \ud83e\uddf8 &#8211; \u015amia\u0142o mog\u0119 nazwa\u0107 si\u0119 specjalistk\u0105 od ,,trudnych przypadk\u00f3w&#8221;\u00a0 [&hellip;]<\/p>\n","protected":false},"author":1,"featured_media":0,"parent":0,"menu_order":0,"comment_status":"closed","ping_status":"closed","template":"","meta":{"site-sidebar-layout":"no-sidebar","site-content-layout":"","ast-site-content-layout":"full-width-container","site-content-style":"default","site-sidebar-style":"default","ast-global-header-display":"","ast-banner-title-visibility":"","ast-main-header-display":"","ast-hfb-above-header-display":"","ast-hfb-below-header-display":"","ast-hfb-mobile-header-display":"","site-post-title":"disabled","ast-breadcrumbs-content":"","ast-featured-img":"disabled","footer-sml-layout":"","ast-disable-related-posts":"","theme-transparent-header-meta":"","adv-header-id-meta":"","stick-header-meta":"","header-above-stick-meta":"","header-main-stick-meta":"","header-below-stick-meta":"","astra-migrate-meta-layouts":"default","ast-page-background-enabled":"default","ast-page-background-meta":{"desktop":{"background-color":"var(--ast-global-color-5)","background-image":"","background-repeat":"repeat","background-position":"center center","background-size":"auto","background-attachment":"scroll","background-type":"","background-media":"","overlay-type":"","overlay-color":"","overlay-opacity":"","overlay-gradient":""},"tablet":{"background-color":"","background-image":"","background-repeat":"repeat","background-position":"center center","background-size":"auto","background-attachment":"scroll","background-type":"","background-media":"","overlay-type":"","overlay-color":"","overlay-opacity":"","overlay-gradient":""},"mobile":{"background-color":"","background-image":"","background-repeat":"repeat","background-position":"center center","background-size":"auto","background-attachment":"scroll","background-type":"","background-media":"","overlay-type":"","overlay-color":"","overlay-opacity":"","overlay-gradient":""}},"ast-content-background-meta":{"desktop":{"background-color":"var(--ast-global-color-4)","background-image":"","background-repeat":"repeat","background-position":"center center","background-size":"auto","background-attachment":"scroll","background-type":"","background-media":"","overlay-type":"","overlay-color":"","overlay-opacity":"","overlay-gradient":""},"tablet":{"background-color":"var(--ast-global-color-4)","background-image":"","background-repeat":"repeat","background-position":"center center","background-size":"auto","background-attachment":"scroll","background-type":"","background-media":"","overlay-type":"","overlay-color":"","overlay-opacity":"","overlay-gradient":""},"mobile":{"background-color":"var(--ast-global-color-4)","background-image":"","background-repeat":"repeat","background-position":"center center","background-size":"auto","background-attachment":"scroll","background-type":"","background-media":"","overlay-type":"","overlay-color":"","overlay-opacity":"","overlay-gradient":""}},"footnotes":""},"class_list":["post-152","page","type-page","status-publish","hentry"],"_links":{"self":[{"href":"https:\/\/urudejnikolatkocz.pl\/index.php?rest_route=\/wp\/v2\/pages\/152","targetHints":{"allow":["GET"]}}],"collection":[{"href":"https:\/\/urudejnikolatkocz.pl\/index.php?rest_route=\/wp\/v2\/pages"}],"about":[{"href":"https:\/\/urudejnikolatkocz.pl\/index.php?rest_route=\/wp\/v2\/types\/page"}],"author":[{"embeddable":true,"href":"https:\/\/urudejnikolatkocz.pl\/index.php?rest_route=\/wp\/v2\/users\/1"}],"replies":[{"embeddable":true,"href":"https:\/\/urudejnikolatkocz.pl\/index.php?rest_route=%2Fwp%2Fv2%2Fcomments&post=152"}],"version-history":[{"count":52,"href":"https:\/\/urudejnikolatkocz.pl\/index.php?rest_route=\/wp\/v2\/pages\/152\/revisions"}],"predecessor-version":[{"id":647,"href":"https:\/\/urudejnikolatkocz.pl\/index.php?rest_route=\/wp\/v2\/pages\/152\/revisions\/647"}],"wp:attachment":[{"href":"https:\/\/urudejnikolatkocz.pl\/index.php?rest_route=%2Fwp%2Fv2%2Fmedia&parent=152"}],"curies":[{"name":"wp","href":"https:\/\/api.w.org\/{rel}","templated":true}]}}