{"id":546,"date":"2026-03-27T08:52:19","date_gmt":"2026-03-27T07:52:19","guid":{"rendered":"https:\/\/urudejnikolatkocz.pl\/?page_id=546"},"modified":"2026-03-28T07:37:32","modified_gmt":"2026-03-28T06:37:32","slug":"cennik","status":"publish","type":"page","link":"https:\/\/urudejnikolatkocz.pl\/?page_id=546","title":{"rendered":"Cennik"},"content":{"rendered":"\t\t<div data-elementor-type=\"wp-page\" data-elementor-id=\"546\" class=\"elementor elementor-546\" data-elementor-post-type=\"page\">\n\t\t\t\t\t\t<section class=\"elementor-section elementor-top-section elementor-element elementor-element-161398b elementor-section-full_width elementor-section-stretched elementor-section-height-default elementor-section-height-default\" data-id=\"161398b\" data-element_type=\"section\" data-e-type=\"section\" data-settings=\"{&quot;stretch_section&quot;:&quot;section-stretched&quot;,&quot;background_background&quot;:&quot;classic&quot;}\">\n\t\t\t\t\t\t\t<div class=\"elementor-background-overlay\"><\/div>\n\t\t\t\t\t\t\t<div class=\"elementor-container elementor-column-gap-default\">\n\t\t\t\t\t<div class=\"elementor-column elementor-col-100 elementor-top-column elementor-element elementor-element-dc45c05\" data-id=\"dc45c05\" data-element_type=\"column\" data-e-type=\"column\">\n\t\t\t<div class=\"elementor-widget-wrap elementor-element-populated\">\n\t\t\t\t\t\t<div class=\"elementor-element elementor-element-e11fce3 elementor-absolute elementor-widget elementor-widget-heading\" data-id=\"e11fce3\" data-element_type=\"widget\" data-e-type=\"widget\" data-settings=\"{&quot;_position&quot;:&quot;absolute&quot;}\" data-widget_type=\"heading.default\">\n\t\t\t\t\t<h2 class=\"elementor-heading-title elementor-size-default\">Us\u0142ugi fryzjerskie<\/h2>\t\t\t\t<\/div>\n\t\t\t\t<div class=\"elementor-element elementor-element-d8d0777 elementor-absolute elementor-widget elementor-widget-text-editor\" data-id=\"d8d0777\" data-element_type=\"widget\" data-e-type=\"widget\" data-settings=\"{&quot;_position&quot;:&quot;absolute&quot;}\" data-widget_type=\"text-editor.default\">\n\t\t\t\t\t\t\t\t\t<p><span dir=\"auto\" style=\"vertical-align: inherit;\"><span dir=\"auto\" style=\"vertical-align: inherit;\">Zapoznaj si\u0119 z ofert\u0105 mobilnej pracowni u Rudej.<\/span><\/span><\/p><p><span dir=\"auto\" style=\"vertical-align: inherit;\"><span dir=\"auto\" style=\"vertical-align: inherit;\">Oferuj\u0119 profesjonalne strzy\u017cenie damskie i m\u0119skie, <\/span><\/span><br \/><span dir=\"auto\" style=\"vertical-align: inherit;\"><span dir=\"auto\" style=\"vertical-align: inherit;\">stylizacj\u0119 w\u0142os\u00f3w, upi\u0119cia okoliczno\u015bciowe oraz <\/span><\/span><br \/><span dir=\"auto\" style=\"vertical-align: inherit;\"><span dir=\"auto\" style=\"vertical-align: inherit;\">pakiety \u015blubne z dojazdem do klienta.<\/span><\/span><\/p>\t\t\t\t\t\t\t\t<\/div>\n\t\t\t\t\t<\/div>\n\t\t<\/div>\n\t\t\t\t\t<\/div>\n\t\t<\/section>\n\t\t\t\t<section class=\"elementor-section elementor-top-section elementor-element elementor-element-c768efa elementor-section-full_width elementor-section-stretched elementor-section-height-default elementor-section-height-default\" data-id=\"c768efa\" data-element_type=\"section\" data-e-type=\"section\" data-settings=\"{&quot;stretch_section&quot;:&quot;section-stretched&quot;,&quot;background_background&quot;:&quot;classic&quot;}\">\n\t\t\t\t\t\t<div class=\"elementor-container elementor-column-gap-default\">\n\t\t\t\t\t<div class=\"elementor-column elementor-col-100 elementor-top-column elementor-element elementor-element-22dbb8b\" data-id=\"22dbb8b\" data-element_type=\"column\" data-e-type=\"column\">\n\t\t\t<div class=\"elementor-widget-wrap elementor-element-populated\">\n\t\t\t\t\t\t<div class=\"elementor-element elementor-element-f3f4748 elementor-widget elementor-widget-image\" data-id=\"f3f4748\" data-element_type=\"widget\" data-e-type=\"widget\" data-widget_type=\"image.default\">\n\t\t\t\t\t\t\t\t\t\t\t\t\t\t\t<img fetchpriority=\"high\" decoding=\"async\" width=\"1587\" height=\"2245\" src=\"https:\/\/urudejnikolatkocz.pl\/wp-content\/uploads\/2026\/03\/Cennik-1-cennik-meski.jpeg\" class=\"attachment-full size-full wp-image-554\" alt=\"\" srcset=\"https:\/\/urudejnikolatkocz.pl\/wp-content\/uploads\/2026\/03\/Cennik-1-cennik-meski.jpeg 1587w, https:\/\/urudejnikolatkocz.pl\/wp-content\/uploads\/2026\/03\/Cennik-1-cennik-meski-212x300.jpeg 212w, https:\/\/urudejnikolatkocz.pl\/wp-content\/uploads\/2026\/03\/Cennik-1-cennik-meski-724x1024.jpeg 724w, https:\/\/urudejnikolatkocz.pl\/wp-content\/uploads\/2026\/03\/Cennik-1-cennik-meski-768x1086.jpeg 768w, https:\/\/urudejnikolatkocz.pl\/wp-content\/uploads\/2026\/03\/Cennik-1-cennik-meski-1086x1536.jpeg 1086w, https:\/\/urudejnikolatkocz.pl\/wp-content\/uploads\/2026\/03\/Cennik-1-cennik-meski-1448x2048.jpeg 1448w\" sizes=\"(max-width: 1587px) 100vw, 1587px\" \/>\t\t\t\t\t\t\t\t\t\t\t\t\t\t\t<\/div>\n\t\t\t\t\t<\/div>\n\t\t<\/div>\n\t\t\t\t\t<\/div>\n\t\t<\/section>\n\t\t\t\t<section class=\"elementor-section elementor-top-section elementor-element elementor-element-5e68976 elementor-section-full_width elementor-section-stretched elementor-section-height-default elementor-section-height-default\" data-id=\"5e68976\" data-element_type=\"section\" data-e-type=\"section\" data-settings=\"{&quot;stretch_section&quot;:&quot;section-stretched&quot;,&quot;background_background&quot;:&quot;classic&quot;}\">\n\t\t\t\t\t\t<div class=\"elementor-container elementor-column-gap-default\">\n\t\t\t\t\t<div class=\"elementor-column elementor-col-100 elementor-top-column elementor-element elementor-element-429029d\" data-id=\"429029d\" data-element_type=\"column\" data-e-type=\"column\">\n\t\t\t<div class=\"elementor-widget-wrap elementor-element-populated\">\n\t\t\t\t\t\t<div class=\"elementor-element elementor-element-28760a6 elementor-widget elementor-widget-image\" data-id=\"28760a6\" data-element_type=\"widget\" data-e-type=\"widget\" data-widget_type=\"image.default\">\n\t\t\t\t\t\t\t\t\t\t\t\t\t\t\t<img decoding=\"async\" width=\"1587\" height=\"2245\" src=\"https:\/\/urudejnikolatkocz.pl\/wp-content\/uploads\/2026\/03\/Cennik-2-cennik-damski.jpeg\" class=\"attachment-full size-full wp-image-559\" alt=\"\" srcset=\"https:\/\/urudejnikolatkocz.pl\/wp-content\/uploads\/2026\/03\/Cennik-2-cennik-damski.jpeg 1587w, https:\/\/urudejnikolatkocz.pl\/wp-content\/uploads\/2026\/03\/Cennik-2-cennik-damski-212x300.jpeg 212w, https:\/\/urudejnikolatkocz.pl\/wp-content\/uploads\/2026\/03\/Cennik-2-cennik-damski-724x1024.jpeg 724w, https:\/\/urudejnikolatkocz.pl\/wp-content\/uploads\/2026\/03\/Cennik-2-cennik-damski-768x1086.jpeg 768w, https:\/\/urudejnikolatkocz.pl\/wp-content\/uploads\/2026\/03\/Cennik-2-cennik-damski-1086x1536.jpeg 1086w, https:\/\/urudejnikolatkocz.pl\/wp-content\/uploads\/2026\/03\/Cennik-2-cennik-damski-1448x2048.jpeg 1448w\" sizes=\"(max-width: 1587px) 100vw, 1587px\" \/>\t\t\t\t\t\t\t\t\t\t\t\t\t\t\t<\/div>\n\t\t\t\t\t<\/div>\n\t\t<\/div>\n\t\t\t\t\t<\/div>\n\t\t<\/section>\n\t\t\t\t<section class=\"elementor-section elementor-top-section elementor-element elementor-element-2320ef5 elementor-section-full_width elementor-section-stretched elementor-section-height-default elementor-section-height-default\" data-id=\"2320ef5\" data-element_type=\"section\" data-e-type=\"section\" data-settings=\"{&quot;stretch_section&quot;:&quot;section-stretched&quot;,&quot;background_background&quot;:&quot;classic&quot;}\">\n\t\t\t\t\t\t<div class=\"elementor-container elementor-column-gap-default\">\n\t\t\t\t\t<div class=\"elementor-column elementor-col-100 elementor-top-column elementor-element elementor-element-2b4ea9b\" data-id=\"2b4ea9b\" data-element_type=\"column\" data-e-type=\"column\">\n\t\t\t<div class=\"elementor-widget-wrap elementor-element-populated\">\n\t\t\t\t\t\t<div class=\"elementor-element elementor-element-bfea636 elementor-widget elementor-widget-image\" data-id=\"bfea636\" data-element_type=\"widget\" data-e-type=\"widget\" data-widget_type=\"image.default\">\n\t\t\t\t\t\t\t\t\t\t\t\t\t\t\t<img decoding=\"async\" width=\"1587\" height=\"2245\" src=\"https:\/\/urudejnikolatkocz.pl\/wp-content\/uploads\/2026\/03\/Cennik-3-upiecia.jpeg\" class=\"attachment-full size-full wp-image-560\" alt=\"\" srcset=\"https:\/\/urudejnikolatkocz.pl\/wp-content\/uploads\/2026\/03\/Cennik-3-upiecia.jpeg 1587w, https:\/\/urudejnikolatkocz.pl\/wp-content\/uploads\/2026\/03\/Cennik-3-upiecia-212x300.jpeg 212w, https:\/\/urudejnikolatkocz.pl\/wp-content\/uploads\/2026\/03\/Cennik-3-upiecia-724x1024.jpeg 724w, https:\/\/urudejnikolatkocz.pl\/wp-content\/uploads\/2026\/03\/Cennik-3-upiecia-768x1086.jpeg 768w, https:\/\/urudejnikolatkocz.pl\/wp-content\/uploads\/2026\/03\/Cennik-3-upiecia-1086x1536.jpeg 1086w, https:\/\/urudejnikolatkocz.pl\/wp-content\/uploads\/2026\/03\/Cennik-3-upiecia-1448x2048.jpeg 1448w\" sizes=\"(max-width: 1587px) 100vw, 1587px\" \/>\t\t\t\t\t\t\t\t\t\t\t\t\t\t\t<\/div>\n\t\t\t\t\t<\/div>\n\t\t<\/div>\n\t\t\t\t\t<\/div>\n\t\t<\/section>\n\t\t\t\t<section class=\"elementor-section elementor-top-section elementor-element elementor-element-ac218ac elementor-section-full_width elementor-section-stretched elementor-section-height-default elementor-section-height-default\" data-id=\"ac218ac\" data-element_type=\"section\" data-e-type=\"section\" data-settings=\"{&quot;stretch_section&quot;:&quot;section-stretched&quot;,&quot;background_background&quot;:&quot;classic&quot;}\">\n\t\t\t\t\t\t<div class=\"elementor-container elementor-column-gap-default\">\n\t\t\t\t\t<div class=\"elementor-column elementor-col-100 elementor-top-column elementor-element elementor-element-ee3e71e\" data-id=\"ee3e71e\" data-element_type=\"column\" data-e-type=\"column\">\n\t\t\t<div class=\"elementor-widget-wrap elementor-element-populated\">\n\t\t\t\t\t\t<div class=\"elementor-element elementor-element-69027a5 elementor-widget elementor-widget-image\" data-id=\"69027a5\" data-element_type=\"widget\" data-e-type=\"widget\" data-widget_type=\"image.default\">\n\t\t\t\t\t\t\t\t\t\t\t\t\t\t\t<img loading=\"lazy\" decoding=\"async\" width=\"1587\" height=\"2245\" src=\"https:\/\/urudejnikolatkocz.pl\/wp-content\/uploads\/2026\/03\/Cennik-zadatek.jpeg\" class=\"attachment-full size-full wp-image-561\" alt=\"\" srcset=\"https:\/\/urudejnikolatkocz.pl\/wp-content\/uploads\/2026\/03\/Cennik-zadatek.jpeg 1587w, https:\/\/urudejnikolatkocz.pl\/wp-content\/uploads\/2026\/03\/Cennik-zadatek-212x300.jpeg 212w, https:\/\/urudejnikolatkocz.pl\/wp-content\/uploads\/2026\/03\/Cennik-zadatek-724x1024.jpeg 724w, https:\/\/urudejnikolatkocz.pl\/wp-content\/uploads\/2026\/03\/Cennik-zadatek-768x1086.jpeg 768w, https:\/\/urudejnikolatkocz.pl\/wp-content\/uploads\/2026\/03\/Cennik-zadatek-1086x1536.jpeg 1086w, https:\/\/urudejnikolatkocz.pl\/wp-content\/uploads\/2026\/03\/Cennik-zadatek-1448x2048.jpeg 1448w\" sizes=\"(max-width: 1587px) 100vw, 1587px\" \/>\t\t\t\t\t\t\t\t\t\t\t\t\t\t\t<\/div>\n\t\t\t\t\t<\/div>\n\t\t<\/div>\n\t\t\t\t\t<\/div>\n\t\t<\/section>\n\t\t\t\t<section class=\"elementor-section elementor-top-section elementor-element elementor-element-3afcf29 elementor-section-full_width elementor-section-stretched elementor-section-height-default elementor-section-height-default\" data-id=\"3afcf29\" data-element_type=\"section\" data-e-type=\"section\" data-settings=\"{&quot;stretch_section&quot;:&quot;section-stretched&quot;,&quot;background_background&quot;:&quot;classic&quot;}\">\n\t\t\t\t\t\t<div class=\"elementor-container elementor-column-gap-default\">\n\t\t\t\t\t<div class=\"elementor-column elementor-col-100 elementor-top-column elementor-element elementor-element-bdd54fb\" data-id=\"bdd54fb\" data-element_type=\"column\" data-e-type=\"column\">\n\t\t\t<div class=\"elementor-widget-wrap elementor-element-populated\">\n\t\t\t\t\t\t<div class=\"elementor-element elementor-element-7e9bbdf elementor-widget elementor-widget-image\" data-id=\"7e9bbdf\" data-element_type=\"widget\" data-e-type=\"widget\" data-widget_type=\"image.default\">\n\t\t\t\t\t\t\t\t\t\t\t\t\t\t\t<img loading=\"lazy\" decoding=\"async\" width=\"1080\" height=\"1350\" src=\"https:\/\/urudejnikolatkocz.pl\/wp-content\/uploads\/2026\/03\/IMG_6526-1.jpeg\" class=\"attachment-full size-full wp-image-636\" alt=\"\" srcset=\"https:\/\/urudejnikolatkocz.pl\/wp-content\/uploads\/2026\/03\/IMG_6526-1.jpeg 1080w, https:\/\/urudejnikolatkocz.pl\/wp-content\/uploads\/2026\/03\/IMG_6526-1-240x300.jpeg 240w, https:\/\/urudejnikolatkocz.pl\/wp-content\/uploads\/2026\/03\/IMG_6526-1-819x1024.jpeg 819w, https:\/\/urudejnikolatkocz.pl\/wp-content\/uploads\/2026\/03\/IMG_6526-1-768x960.jpeg 768w\" sizes=\"(max-width: 1080px) 100vw, 1080px\" \/>\t\t\t\t\t\t\t\t\t\t\t\t\t\t\t<\/div>\n\t\t\t\t\t<\/div>\n\t\t<\/div>\n\t\t\t\t\t<\/div>\n\t\t<\/section>\n\t\t\t\t<section class=\"elementor-section elementor-top-section elementor-element elementor-element-d64cabb elementor-section-full_width elementor-section-stretched elementor-section-height-default elementor-section-height-default\" data-id=\"d64cabb\" data-element_type=\"section\" data-e-type=\"section\" data-settings=\"{&quot;stretch_section&quot;:&quot;section-stretched&quot;,&quot;background_background&quot;:&quot;classic&quot;}\">\n\t\t\t\t\t\t<div class=\"elementor-container elementor-column-gap-default\">\n\t\t\t\t\t<div class=\"elementor-column elementor-col-100 elementor-top-column elementor-element elementor-element-c34c5d6\" data-id=\"c34c5d6\" data-element_type=\"column\" data-e-type=\"column\">\n\t\t\t<div class=\"elementor-widget-wrap elementor-element-populated\">\n\t\t\t\t\t\t<div class=\"elementor-element elementor-element-68de28f elementor-widget elementor-widget-image\" data-id=\"68de28f\" data-element_type=\"widget\" data-e-type=\"widget\" data-widget_type=\"image.default\">\n\t\t\t\t\t\t\t\t\t\t\t\t\t\t\t<img loading=\"lazy\" decoding=\"async\" width=\"1080\" height=\"1350\" src=\"https:\/\/urudejnikolatkocz.pl\/wp-content\/uploads\/2026\/03\/IMG_6527.jpeg\" class=\"attachment-full size-full wp-image-637\" alt=\"\" srcset=\"https:\/\/urudejnikolatkocz.pl\/wp-content\/uploads\/2026\/03\/IMG_6527.jpeg 1080w, https:\/\/urudejnikolatkocz.pl\/wp-content\/uploads\/2026\/03\/IMG_6527-240x300.jpeg 240w, https:\/\/urudejnikolatkocz.pl\/wp-content\/uploads\/2026\/03\/IMG_6527-819x1024.jpeg 819w, https:\/\/urudejnikolatkocz.pl\/wp-content\/uploads\/2026\/03\/IMG_6527-768x960.jpeg 768w\" sizes=\"(max-width: 1080px) 100vw, 1080px\" \/>\t\t\t\t\t\t\t\t\t\t\t\t\t\t\t<\/div>\n\t\t\t\t\t<\/div>\n\t\t<\/div>\n\t\t\t\t\t<\/div>\n\t\t<\/section>\n\t\t\t\t<\/div>\n\t\t","protected":false},"excerpt":{"rendered":"<p>Us\u0142ugi fryzjerskie Zapoznaj si\u0119 z ofert\u0105 mobilnej pracowni u Rudej. Oferuj\u0119 profesjonalne strzy\u017cenie damskie i m\u0119skie, stylizacj\u0119 w\u0142os\u00f3w, upi\u0119cia okoliczno\u015bciowe [&hellip;]<\/p>\n","protected":false},"author":1,"featured_media":0,"parent":0,"menu_order":0,"comment_status":"closed","ping_status":"closed","template":"","meta":{"site-sidebar-layout":"no-sidebar","site-content-layout":"","ast-site-content-layout":"full-width-container","site-content-style":"default","site-sidebar-style":"default","ast-global-header-display":"","ast-banner-title-visibility":"","ast-main-header-display":"","ast-hfb-above-header-display":"","ast-hfb-below-header-display":"","ast-hfb-mobile-header-display":"","site-post-title":"disabled","ast-breadcrumbs-content":"","ast-featured-img":"disabled","footer-sml-layout":"","ast-disable-related-posts":"","theme-transparent-header-meta":"","adv-header-id-meta":"","stick-header-meta":"","header-above-stick-meta":"","header-main-stick-meta":"","header-below-stick-meta":"","astra-migrate-meta-layouts":"default","ast-page-background-enabled":"default","ast-page-background-meta":{"desktop":{"background-color":"var(--ast-global-color-5)","background-image":"","background-repeat":"repeat","background-position":"center center","background-size":"auto","background-attachment":"scroll","background-type":"","background-media":"","overlay-type":"","overlay-color":"","overlay-opacity":"","overlay-gradient":""},"tablet":{"background-color":"","background-image":"","background-repeat":"repeat","background-position":"center center","background-size":"auto","background-attachment":"scroll","background-type":"","background-media":"","overlay-type":"","overlay-color":"","overlay-opacity":"","overlay-gradient":""},"mobile":{"background-color":"","background-image":"","background-repeat":"repeat","background-position":"center center","background-size":"auto","background-attachment":"scroll","background-type":"","background-media":"","overlay-type":"","overlay-color":"","overlay-opacity":"","overlay-gradient":""}},"ast-content-background-meta":{"desktop":{"background-color":"var(--ast-global-color-4)","background-image":"","background-repeat":"repeat","background-position":"center center","background-size":"auto","background-attachment":"scroll","background-type":"","background-media":"","overlay-type":"","overlay-color":"","overlay-opacity":"","overlay-gradient":""},"tablet":{"background-color":"var(--ast-global-color-4)","background-image":"","background-repeat":"repeat","background-position":"center center","background-size":"auto","background-attachment":"scroll","background-type":"","background-media":"","overlay-type":"","overlay-color":"","overlay-opacity":"","overlay-gradient":""},"mobile":{"background-color":"var(--ast-global-color-4)","background-image":"","background-repeat":"repeat","background-position":"center center","background-size":"auto","background-attachment":"scroll","background-type":"","background-media":"","overlay-type":"","overlay-color":"","overlay-opacity":"","overlay-gradient":""}},"footnotes":""},"class_list":["post-546","page","type-page","status-publish","hentry"],"_links":{"self":[{"href":"https:\/\/urudejnikolatkocz.pl\/index.php?rest_route=\/wp\/v2\/pages\/546","targetHints":{"allow":["GET"]}}],"collection":[{"href":"https:\/\/urudejnikolatkocz.pl\/index.php?rest_route=\/wp\/v2\/pages"}],"about":[{"href":"https:\/\/urudejnikolatkocz.pl\/index.php?rest_route=\/wp\/v2\/types\/page"}],"author":[{"embeddable":true,"href":"https:\/\/urudejnikolatkocz.pl\/index.php?rest_route=\/wp\/v2\/users\/1"}],"replies":[{"embeddable":true,"href":"https:\/\/urudejnikolatkocz.pl\/index.php?rest_route=%2Fwp%2Fv2%2Fcomments&post=546"}],"version-history":[{"count":22,"href":"https:\/\/urudejnikolatkocz.pl\/index.php?rest_route=\/wp\/v2\/pages\/546\/revisions"}],"predecessor-version":[{"id":640,"href":"https:\/\/urudejnikolatkocz.pl\/index.php?rest_route=\/wp\/v2\/pages\/546\/revisions\/640"}],"wp:attachment":[{"href":"https:\/\/urudejnikolatkocz.pl\/index.php?rest_route=%2Fwp%2Fv2%2Fmedia&parent=546"}],"curies":[{"name":"wp","href":"https:\/\/api.w.org\/{rel}","templated":true}]}}