{"id":565,"date":"2026-03-27T09:50:43","date_gmt":"2026-03-27T08:50:43","guid":{"rendered":"https:\/\/urudejnikolatkocz.pl\/?page_id=565"},"modified":"2026-03-28T07:33:17","modified_gmt":"2026-03-28T06:33:17","slug":"oferta-slubna","status":"publish","type":"page","link":"https:\/\/urudejnikolatkocz.pl\/?page_id=565","title":{"rendered":"Oferta \u015blubna"},"content":{"rendered":"\t\t<div data-elementor-type=\"wp-page\" data-elementor-id=\"565\" class=\"elementor elementor-565\" data-elementor-post-type=\"page\">\n\t\t\t\t\t\t<section class=\"elementor-section elementor-top-section elementor-element elementor-element-6539ea6 elementor-section-full_width elementor-section-stretched elementor-section-height-default elementor-section-height-default\" data-id=\"6539ea6\" data-element_type=\"section\" data-e-type=\"section\" data-settings=\"{&quot;stretch_section&quot;:&quot;section-stretched&quot;,&quot;background_background&quot;:&quot;classic&quot;}\">\n\t\t\t\t\t\t\t<div class=\"elementor-background-overlay\"><\/div>\n\t\t\t\t\t\t\t<div class=\"elementor-container elementor-column-gap-default\">\n\t\t\t\t\t<div class=\"elementor-column elementor-col-100 elementor-top-column elementor-element elementor-element-acf0594\" data-id=\"acf0594\" data-element_type=\"column\" data-e-type=\"column\">\n\t\t\t<div class=\"elementor-widget-wrap elementor-element-populated\">\n\t\t\t\t\t\t<div class=\"elementor-element elementor-element-501df0b elementor-absolute elementor-widget elementor-widget-heading\" data-id=\"501df0b\" data-element_type=\"widget\" data-e-type=\"widget\" data-settings=\"{&quot;_position&quot;:&quot;absolute&quot;}\" data-widget_type=\"heading.default\">\n\t\t\t\t\t<h2 class=\"elementor-heading-title elementor-size-default\">Oferta \u015blubna <\/h2>\t\t\t\t<\/div>\n\t\t\t\t<div class=\"elementor-element elementor-element-cd329f2 elementor-absolute elementor-widget elementor-widget-text-editor\" data-id=\"cd329f2\" data-element_type=\"widget\" data-e-type=\"widget\" data-settings=\"{&quot;_position&quot;:&quot;absolute&quot;}\" data-widget_type=\"text-editor.default\">\n\t\t\t\t\t\t\t\t\t<p data-start=\"438\" data-end=\"487\">Poznaj ofert\u0119 \u015blubn\u0105 mobilnej pracowni u Rudej.<\/p><p data-start=\"489\" data-end=\"682\">Tworz\u0119 wyj\u0105tkowe fryzury \u015blubne, dopasowane do Twojego stylu,<br data-start=\"550\" data-end=\"553\" \/>sukni i charakteru uroczysto\u015bci. Oferuj\u0119 pr\u00f3by, pakiety \u015blubne<br data-start=\"615\" data-end=\"618\" \/>oraz dojazd, aby\u015b w tym dniu mog\u0142a czu\u0107 si\u0119 spokojnie i pi\u0119knie.<\/p>\t\t\t\t\t\t\t\t<\/div>\n\t\t\t\t\t<\/div>\n\t\t<\/div>\n\t\t\t\t\t<\/div>\n\t\t<\/section>\n\t\t\t\t<section class=\"elementor-section elementor-top-section elementor-element elementor-element-ad21f14 elementor-section-full_width elementor-section-stretched elementor-section-height-default elementor-section-height-default\" data-id=\"ad21f14\" data-element_type=\"section\" data-e-type=\"section\" data-settings=\"{&quot;stretch_section&quot;:&quot;section-stretched&quot;,&quot;background_background&quot;:&quot;classic&quot;}\">\n\t\t\t\t\t\t<div class=\"elementor-container elementor-column-gap-default\">\n\t\t\t\t\t<div class=\"elementor-column elementor-col-100 elementor-top-column elementor-element elementor-element-ace6a24\" data-id=\"ace6a24\" data-element_type=\"column\" data-e-type=\"column\">\n\t\t\t<div class=\"elementor-widget-wrap elementor-element-populated\">\n\t\t\t\t\t\t<div class=\"elementor-element elementor-element-1d11a23 elementor-widget elementor-widget-image\" data-id=\"1d11a23\" data-element_type=\"widget\" data-e-type=\"widget\" data-widget_type=\"image.default\">\n\t\t\t\t\t\t\t\t\t\t\t\t\t\t\t<img fetchpriority=\"high\" decoding=\"async\" width=\"1587\" height=\"2245\" src=\"https:\/\/urudejnikolatkocz.pl\/wp-content\/uploads\/2026\/03\/Cennik-oferta-pakiet-zloty.jpeg\" class=\"attachment-full size-full wp-image-570\" alt=\"\" srcset=\"https:\/\/urudejnikolatkocz.pl\/wp-content\/uploads\/2026\/03\/Cennik-oferta-pakiet-zloty.jpeg 1587w, https:\/\/urudejnikolatkocz.pl\/wp-content\/uploads\/2026\/03\/Cennik-oferta-pakiet-zloty-212x300.jpeg 212w, https:\/\/urudejnikolatkocz.pl\/wp-content\/uploads\/2026\/03\/Cennik-oferta-pakiet-zloty-724x1024.jpeg 724w, https:\/\/urudejnikolatkocz.pl\/wp-content\/uploads\/2026\/03\/Cennik-oferta-pakiet-zloty-768x1086.jpeg 768w, https:\/\/urudejnikolatkocz.pl\/wp-content\/uploads\/2026\/03\/Cennik-oferta-pakiet-zloty-1086x1536.jpeg 1086w, https:\/\/urudejnikolatkocz.pl\/wp-content\/uploads\/2026\/03\/Cennik-oferta-pakiet-zloty-1448x2048.jpeg 1448w\" sizes=\"(max-width: 1587px) 100vw, 1587px\" \/>\t\t\t\t\t\t\t\t\t\t\t\t\t\t\t<\/div>\n\t\t\t\t\t<\/div>\n\t\t<\/div>\n\t\t\t\t\t<\/div>\n\t\t<\/section>\n\t\t\t\t<section class=\"elementor-section elementor-top-section elementor-element elementor-element-7b01149 elementor-section-full_width elementor-section-stretched elementor-section-height-default elementor-section-height-default\" data-id=\"7b01149\" data-element_type=\"section\" data-e-type=\"section\" data-settings=\"{&quot;stretch_section&quot;:&quot;section-stretched&quot;,&quot;background_background&quot;:&quot;classic&quot;}\">\n\t\t\t\t\t\t<div class=\"elementor-container elementor-column-gap-default\">\n\t\t\t\t\t<div class=\"elementor-column elementor-col-100 elementor-top-column elementor-element elementor-element-1b2e3f5\" data-id=\"1b2e3f5\" data-element_type=\"column\" data-e-type=\"column\">\n\t\t\t<div class=\"elementor-widget-wrap elementor-element-populated\">\n\t\t\t\t\t\t<div class=\"elementor-element elementor-element-74bb142 elementor-widget elementor-widget-image\" data-id=\"74bb142\" data-element_type=\"widget\" data-e-type=\"widget\" data-widget_type=\"image.default\">\n\t\t\t\t\t\t\t\t\t\t\t\t\t\t\t<img decoding=\"async\" width=\"1587\" height=\"2245\" src=\"https:\/\/urudejnikolatkocz.pl\/wp-content\/uploads\/2026\/03\/Cennik-oferta-pakiet-mini.jpeg\" class=\"attachment-full size-full wp-image-569\" alt=\"\" srcset=\"https:\/\/urudejnikolatkocz.pl\/wp-content\/uploads\/2026\/03\/Cennik-oferta-pakiet-mini.jpeg 1587w, https:\/\/urudejnikolatkocz.pl\/wp-content\/uploads\/2026\/03\/Cennik-oferta-pakiet-mini-212x300.jpeg 212w, https:\/\/urudejnikolatkocz.pl\/wp-content\/uploads\/2026\/03\/Cennik-oferta-pakiet-mini-724x1024.jpeg 724w, https:\/\/urudejnikolatkocz.pl\/wp-content\/uploads\/2026\/03\/Cennik-oferta-pakiet-mini-768x1086.jpeg 768w, https:\/\/urudejnikolatkocz.pl\/wp-content\/uploads\/2026\/03\/Cennik-oferta-pakiet-mini-1086x1536.jpeg 1086w, https:\/\/urudejnikolatkocz.pl\/wp-content\/uploads\/2026\/03\/Cennik-oferta-pakiet-mini-1448x2048.jpeg 1448w\" sizes=\"(max-width: 1587px) 100vw, 1587px\" \/>\t\t\t\t\t\t\t\t\t\t\t\t\t\t\t<\/div>\n\t\t\t\t\t<\/div>\n\t\t<\/div>\n\t\t\t\t\t<\/div>\n\t\t<\/section>\n\t\t\t\t<section class=\"elementor-section elementor-top-section elementor-element elementor-element-1c5a10b elementor-section-full_width elementor-section-stretched elementor-section-height-default elementor-section-height-default\" data-id=\"1c5a10b\" data-element_type=\"section\" data-e-type=\"section\" data-settings=\"{&quot;stretch_section&quot;:&quot;section-stretched&quot;,&quot;background_background&quot;:&quot;classic&quot;}\">\n\t\t\t\t\t\t<div class=\"elementor-container elementor-column-gap-default\">\n\t\t\t\t\t<div class=\"elementor-column elementor-col-100 elementor-top-column elementor-element elementor-element-bf8bcc5\" data-id=\"bf8bcc5\" data-element_type=\"column\" data-e-type=\"column\">\n\t\t\t<div class=\"elementor-widget-wrap elementor-element-populated\">\n\t\t\t\t\t\t<div class=\"elementor-element elementor-element-3966d33 elementor-widget elementor-widget-image\" data-id=\"3966d33\" data-element_type=\"widget\" data-e-type=\"widget\" data-widget_type=\"image.default\">\n\t\t\t\t\t\t\t\t\t\t\t\t\t\t\t<img decoding=\"async\" width=\"1587\" height=\"2245\" src=\"https:\/\/urudejnikolatkocz.pl\/wp-content\/uploads\/2026\/03\/Cennik-oferta-pakiet-mini.jpeg\" class=\"attachment-full size-full wp-image-569\" alt=\"\" srcset=\"https:\/\/urudejnikolatkocz.pl\/wp-content\/uploads\/2026\/03\/Cennik-oferta-pakiet-mini.jpeg 1587w, https:\/\/urudejnikolatkocz.pl\/wp-content\/uploads\/2026\/03\/Cennik-oferta-pakiet-mini-212x300.jpeg 212w, https:\/\/urudejnikolatkocz.pl\/wp-content\/uploads\/2026\/03\/Cennik-oferta-pakiet-mini-724x1024.jpeg 724w, https:\/\/urudejnikolatkocz.pl\/wp-content\/uploads\/2026\/03\/Cennik-oferta-pakiet-mini-768x1086.jpeg 768w, https:\/\/urudejnikolatkocz.pl\/wp-content\/uploads\/2026\/03\/Cennik-oferta-pakiet-mini-1086x1536.jpeg 1086w, https:\/\/urudejnikolatkocz.pl\/wp-content\/uploads\/2026\/03\/Cennik-oferta-pakiet-mini-1448x2048.jpeg 1448w\" sizes=\"(max-width: 1587px) 100vw, 1587px\" \/>\t\t\t\t\t\t\t\t\t\t\t\t\t\t\t<\/div>\n\t\t\t\t\t<\/div>\n\t\t<\/div>\n\t\t\t\t\t<\/div>\n\t\t<\/section>\n\t\t\t\t<\/div>\n\t\t","protected":false},"excerpt":{"rendered":"<p>Oferta \u015blubna Poznaj ofert\u0119 \u015blubn\u0105 mobilnej pracowni u Rudej. Tworz\u0119 wyj\u0105tkowe fryzury \u015blubne, dopasowane do Twojego stylu,sukni i charakteru uroczysto\u015bci. [&hellip;]<\/p>\n","protected":false},"author":1,"featured_media":0,"parent":0,"menu_order":0,"comment_status":"closed","ping_status":"closed","template":"","meta":{"site-sidebar-layout":"no-sidebar","site-content-layout":"","ast-site-content-layout":"full-width-container","site-content-style":"default","site-sidebar-style":"default","ast-global-header-display":"","ast-banner-title-visibility":"","ast-main-header-display":"","ast-hfb-above-header-display":"","ast-hfb-below-header-display":"","ast-hfb-mobile-header-display":"","site-post-title":"disabled","ast-breadcrumbs-content":"","ast-featured-img":"disabled","footer-sml-layout":"","ast-disable-related-posts":"","theme-transparent-header-meta":"","adv-header-id-meta":"","stick-header-meta":"","header-above-stick-meta":"","header-main-stick-meta":"","header-below-stick-meta":"","astra-migrate-meta-layouts":"default","ast-page-background-enabled":"default","ast-page-background-meta":{"desktop":{"background-color":"var(--ast-global-color-5)","background-image":"","background-repeat":"repeat","background-position":"center center","background-size":"auto","background-attachment":"scroll","background-type":"","background-media":"","overlay-type":"","overlay-color":"","overlay-opacity":"","overlay-gradient":""},"tablet":{"background-color":"","background-image":"","background-repeat":"repeat","background-position":"center center","background-size":"auto","background-attachment":"scroll","background-type":"","background-media":"","overlay-type":"","overlay-color":"","overlay-opacity":"","overlay-gradient":""},"mobile":{"background-color":"","background-image":"","background-repeat":"repeat","background-position":"center center","background-size":"auto","background-attachment":"scroll","background-type":"","background-media":"","overlay-type":"","overlay-color":"","overlay-opacity":"","overlay-gradient":""}},"ast-content-background-meta":{"desktop":{"background-color":"var(--ast-global-color-4)","background-image":"","background-repeat":"repeat","background-position":"center center","background-size":"auto","background-attachment":"scroll","background-type":"","background-media":"","overlay-type":"","overlay-color":"","overlay-opacity":"","overlay-gradient":""},"tablet":{"background-color":"var(--ast-global-color-4)","background-image":"","background-repeat":"repeat","background-position":"center center","background-size":"auto","background-attachment":"scroll","background-type":"","background-media":"","overlay-type":"","overlay-color":"","overlay-opacity":"","overlay-gradient":""},"mobile":{"background-color":"var(--ast-global-color-4)","background-image":"","background-repeat":"repeat","background-position":"center center","background-size":"auto","background-attachment":"scroll","background-type":"","background-media":"","overlay-type":"","overlay-color":"","overlay-opacity":"","overlay-gradient":""}},"footnotes":""},"class_list":["post-565","page","type-page","status-publish","hentry"],"_links":{"self":[{"href":"https:\/\/urudejnikolatkocz.pl\/index.php?rest_route=\/wp\/v2\/pages\/565","targetHints":{"allow":["GET"]}}],"collection":[{"href":"https:\/\/urudejnikolatkocz.pl\/index.php?rest_route=\/wp\/v2\/pages"}],"about":[{"href":"https:\/\/urudejnikolatkocz.pl\/index.php?rest_route=\/wp\/v2\/types\/page"}],"author":[{"embeddable":true,"href":"https:\/\/urudejnikolatkocz.pl\/index.php?rest_route=\/wp\/v2\/users\/1"}],"replies":[{"embeddable":true,"href":"https:\/\/urudejnikolatkocz.pl\/index.php?rest_route=%2Fwp%2Fv2%2Fcomments&post=565"}],"version-history":[{"count":13,"href":"https:\/\/urudejnikolatkocz.pl\/index.php?rest_route=\/wp\/v2\/pages\/565\/revisions"}],"predecessor-version":[{"id":634,"href":"https:\/\/urudejnikolatkocz.pl\/index.php?rest_route=\/wp\/v2\/pages\/565\/revisions\/634"}],"wp:attachment":[{"href":"https:\/\/urudejnikolatkocz.pl\/index.php?rest_route=%2Fwp%2Fv2%2Fmedia&parent=565"}],"curies":[{"name":"wp","href":"https:\/\/api.w.org\/{rel}","templated":true}]}}